{"id":73,"date":"2021-05-04T13:42:32","date_gmt":"2021-05-04T13:42:32","guid":{"rendered":"http:\/\/efsv.ch\/new_efsv\/?page_id=73"},"modified":"2021-10-26T09:12:31","modified_gmt":"2021-10-26T09:12:31","slug":"goenner","status":"publish","type":"page","link":"https:\/\/staging.efsv.ch\/index.php\/goenner\/","title":{"rendered":"G\u00f6nner"},"content":{"rendered":"<p>Nicht jedem gef\u00e4llt es, sich selbst im Kurzholz zu w\u00fchlen oder sich von seinem Gegen\u00fcber auf den R\u00fccken legen zu lassen.<\/p>\n<p>Wer trotzdem dem Frauenschwingsport etwas gutes tun will, kann sich als G\u00f6nner beim Eidgen\u00f6ssischen Frauenschwingbverband melden.<\/p>\n<p>Dies erfolgt anhand einer j\u00e4hrlichen Zahlung eines von ihnen gew\u00e4hlten Betrages.<\/p>\n<p>Die Gelder kommen vollumf\u00e4nglich dem Frauenschwingsport zu Gute.<br \/>\nBitte bei Posteinzahlung Name und Adresse angeben.<\/p>\n<p>IBAN: CH06 8074 4000 0080 2141 0<br \/>\nRaiffensenbank Wohlen<\/p>\n<p>EFSV<br \/>\nHauptstrasse 67<br \/>\n5234 Villigen<\/p>\n<p>Vermerk:&nbsp; G\u00f6nner &lt;aktuelles Jahr angeben&gt;<\/p>\n<p>&nbsp;<\/p>\n<p>Kr\u00e4ftige Schwingergr\u00fcsse<\/p>\n<p>Vorstand EFSV<\/p>\n","protected":false},"excerpt":{"rendered":"<p>Nicht jedem gef\u00e4llt es, sich selbst im Kurzholz zu w\u00fchlen oder sich von seinem Gegen\u00fcber auf den R\u00fccken legen zu lassen. Wer trotzdem dem Frauenschwingsport etwas gutes tun will, kann sich als G\u00f6nner beim Eidgen\u00f6ssischen Frauenschwingbverband melden. Dies erfolgt anhand &hellip; <a href=\"https:\/\/staging.efsv.ch\/index.php\/goenner\/\">Weiter<\/a><\/p>\n","protected":false},"author":1,"featured_media":0,"parent":0,"menu_order":0,"comment_status":"closed","ping_status":"closed","template":"","meta":{"kt_blocks_editor_width":"","ngg_post_thumbnail":0,"footnotes":""},"_links":{"self":[{"href":"https:\/\/staging.efsv.ch\/index.php\/wp-json\/wp\/v2\/pages\/73"}],"collection":[{"href":"https:\/\/staging.efsv.ch\/index.php\/wp-json\/wp\/v2\/pages"}],"about":[{"href":"https:\/\/staging.efsv.ch\/index.php\/wp-json\/wp\/v2\/types\/page"}],"author":[{"embeddable":true,"href":"https:\/\/staging.efsv.ch\/index.php\/wp-json\/wp\/v2\/users\/1"}],"replies":[{"embeddable":true,"href":"https:\/\/staging.efsv.ch\/index.php\/wp-json\/wp\/v2\/comments?post=73"}],"version-history":[{"count":4,"href":"https:\/\/staging.efsv.ch\/index.php\/wp-json\/wp\/v2\/pages\/73\/revisions"}],"predecessor-version":[{"id":726,"href":"https:\/\/staging.efsv.ch\/index.php\/wp-json\/wp\/v2\/pages\/73\/revisions\/726"}],"wp:attachment":[{"href":"https:\/\/staging.efsv.ch\/index.php\/wp-json\/wp\/v2\/media?parent=73"}],"curies":[{"name":"wp","href":"https:\/\/api.w.org\/{rel}","templated":true}]}}