{"id":178,"date":"2021-05-06T09:25:56","date_gmt":"2021-05-06T09:25:56","guid":{"rendered":"http:\/\/efsv.ch\/new_efsv\/?page_id=178"},"modified":"2024-06-01T09:03:21","modified_gmt":"2024-06-01T09:03:21","slug":"verband","status":"publish","type":"page","link":"https:\/\/staging.efsv.ch\/index.php\/verband\/","title":{"rendered":"Verband"},"content":{"rendered":"<h2><strong>Die Geschichte des Frauenschwingens<\/strong><\/h2>\n<div>\u201eModern, offen, vorausblickend, aber doch auf festen Traditionen basierend.<br \/>\nFrauenschwingen als Modell f\u00fcr die Schweiz der Zukunft?<br \/>\nWir arbeiten daran!\u201c<\/div>\n<div><img loading=\"lazy\" decoding=\"async\" class=\"alignnone  wp-image-804\" src=\"https:\/\/staging.efsv.ch\/wp-content\/uploads\/2021\/12\/07_Eidg.-Menznau-LU-2019-80-300x200.jpg\" alt=\"\" width=\"618\" height=\"412\" srcset=\"https:\/\/staging.efsv.ch\/wp-content\/uploads\/2021\/12\/07_Eidg.-Menznau-LU-2019-80-300x200.jpg 300w, https:\/\/staging.efsv.ch\/wp-content\/uploads\/2021\/12\/07_Eidg.-Menznau-LU-2019-80-1024x683.jpg 1024w, https:\/\/staging.efsv.ch\/wp-content\/uploads\/2021\/12\/07_Eidg.-Menznau-LU-2019-80-768x512.jpg 768w, https:\/\/staging.efsv.ch\/wp-content\/uploads\/2021\/12\/07_Eidg.-Menznau-LU-2019-80-1536x1024.jpg 1536w, https:\/\/staging.efsv.ch\/wp-content\/uploads\/2021\/12\/07_Eidg.-Menznau-LU-2019-80-2048x1365.jpg 2048w\" sizes=\"(max-width: 618px) 100vw, 618px\" \/><\/div>\n<div>&nbsp;<\/div>\n<p><img loading=\"lazy\" decoding=\"async\" class=\"wp-image-792 aligncenter\" src=\"https:\/\/staging.efsv.ch\/wp-content\/uploads\/2021\/12\/06_Goeschenen_aug_2018-71-e1640615645483-300x131.jpg\" sizes=\"(max-width: 918px) 100vw, 918px\" srcset=\"https:\/\/staging.efsv.ch\/wp-content\/uploads\/2021\/12\/06_Goeschenen_aug_2018-71-e1640615645483-300x131.jpg 300w, https:\/\/staging.efsv.ch\/wp-content\/uploads\/2021\/12\/06_Goeschenen_aug_2018-71-e1640615645483-768x334.jpg 768w\" alt=\"\" width=\"918\" height=\"401\"><\/p>\n<p>&nbsp;<\/p>\n<p>1980 fand in Aeschi bei Spiez das erste Frauenschwingfest statt. Mit \u00fcber 15\u2019000 Besuchern und mehr als 70 Schwingerinnen, die ihr K\u00f6nnen zeigten, war das nat\u00fcrlich schon eine kleine Sensation. 1992 wurde von Jakob Roggenmoser am selben Ort der Eidgen\u00f6ssische Frauenschwingverband (EFSV) gegr\u00fcndet.<\/p>\n<p>Der EFSV z\u00e4hlt mittlerweile ca. 180 aktive Schwingerinnen, rund zwei Drittel davon sind M\u00e4dchen. In den letzten Jahren konnte ein stetiges Wachstum an Teilnehmerinnen verzeichnet werden.<br \/>\nSo waren am Eidgen\u00f6ssischen Frauen- und Meitlischwingfest im Jahr 2019, welches in Menznau ausgetragen wurde, 154 Schwingerinnen gemeldet. Dies bedeutete Teilnehmerinnen-Rekord.<\/p>\n<p>Bei den Frauen wird&nbsp;<strong>jedes Jahr eine Schwingerk\u00f6nigin<\/strong>&nbsp;gekr\u00f6nt.<\/p>\n<p>&nbsp;<\/p>\n<p>&nbsp;<\/p>\n<p><strong><big>Pilotprojekt f\u00fcr 2023 &#8211; 2025 mit Migros als K\u00f6niginnenpartnerin<\/big><\/strong><br \/>\nSchwingerk\u00f6nigin wird die Schwingerin, welche am Eidg. Frauenschwingfest den Sieg holt.<br \/>\nDie Qualifikation f\u00fcr das Eidg. Frauenschwingfest wird anhand der Jahreswertung gemacht. Dazu z\u00e4hlen alle Schwingfeste gem\u00e4ss Streichresultat Bestimmungen, einzig das Eidg. Frauenschwingfest wird nicht eingerechnet.<br \/>\nTeilnahmeberechtigt sind die besten Schwingerinnen der Saison.<br \/>\n\u00dcber Ausnahmen zur Qualifikation kann der Vorstand des EFSV entscheiden.<br \/>\n&nbsp;<\/p>\n<p>In den Jugendkategorien \u00e4ndert sicht nichts. D.h. bei den M\u00e4dchen wird der Titel der&nbsp;<strong>Jahresbesten<\/strong>&nbsp;verliehen. Auch hier z\u00e4hlt die Jahresleistung. Der Titel gibt es in den drei Kategorien<br \/>\n\u2013 Meitli 1 (13-15 Jahre)<br \/>\n\u2013 Meitli 2 (10-12 Jahre)<br \/>\n\u2013 Zwergli (6-9 Jahre)<br \/>\nWobei bei den Zwergli auch Buben mit 6 und 7 Jahren schwingen d\u00fcrfen.<\/p>\n<p>&nbsp;<\/p>\n<p>Der Verband besteht aus 8 Mitgliedern<\/p>\n<ul>\n<li>Franziska Ruch, Pr\u00e4sidentin<\/li>\n<li>Marina Zahner, Vize Pr\u00e4sidentin,&nbsp;TEKO<\/li>\n<li>Thomas Mollet, Technischer Leiter<\/li>\n<li>Anina Bundi, Medienchefin<\/li>\n<li>Manuela Dreyer-Egli, Kassierin<\/li>\n<li>Sven Bieneck, Beisitz<\/li>\n<li>Matthias Schl\u00fcchter, Materialchef<\/li>\n<li>Vakant, Aktuar\/Aktuarin<\/li>\n<\/ul>\n<p>&nbsp;<\/p>\n","protected":false},"excerpt":{"rendered":"<p>Die Geschichte des Frauenschwingens \u201eModern, offen, vorausblickend, aber doch auf festen Traditionen basierend. Frauenschwingen als Modell f\u00fcr die Schweiz der Zukunft? Wir arbeiten daran!\u201c &nbsp; &nbsp; 1980 fand in Aeschi bei Spiez das erste Frauenschwingfest statt. Mit \u00fcber 15\u2019000 Besuchern &hellip; <a href=\"https:\/\/staging.efsv.ch\/index.php\/verband\/\">Weiter<\/a><\/p>\n","protected":false},"author":1,"featured_media":0,"parent":0,"menu_order":0,"comment_status":"closed","ping_status":"closed","template":"","meta":{"kt_blocks_editor_width":"","ngg_post_thumbnail":0,"footnotes":""},"_links":{"self":[{"href":"https:\/\/staging.efsv.ch\/index.php\/wp-json\/wp\/v2\/pages\/178"}],"collection":[{"href":"https:\/\/staging.efsv.ch\/index.php\/wp-json\/wp\/v2\/pages"}],"about":[{"href":"https:\/\/staging.efsv.ch\/index.php\/wp-json\/wp\/v2\/types\/page"}],"author":[{"embeddable":true,"href":"https:\/\/staging.efsv.ch\/index.php\/wp-json\/wp\/v2\/users\/1"}],"replies":[{"embeddable":true,"href":"https:\/\/staging.efsv.ch\/index.php\/wp-json\/wp\/v2\/comments?post=178"}],"version-history":[{"count":12,"href":"https:\/\/staging.efsv.ch\/index.php\/wp-json\/wp\/v2\/pages\/178\/revisions"}],"predecessor-version":[{"id":1222,"href":"https:\/\/staging.efsv.ch\/index.php\/wp-json\/wp\/v2\/pages\/178\/revisions\/1222"}],"wp:attachment":[{"href":"https:\/\/staging.efsv.ch\/index.php\/wp-json\/wp\/v2\/media?parent=178"}],"curies":[{"name":"wp","href":"https:\/\/api.w.org\/{rel}","templated":true}]}}