{"id":1386,"date":"2025-04-24T11:56:33","date_gmt":"2025-04-24T11:56:33","guid":{"rendered":"https:\/\/staging.efsv.ch\/?page_id=1386"},"modified":"2025-04-25T12:48:41","modified_gmt":"2025-04-25T12:48:41","slug":"schwingfeste-2025","status":"publish","type":"page","link":"https:\/\/staging.efsv.ch\/index.php\/schwingfeste-2025\/","title":{"rendered":"Schwingfeste 2025"},"content":{"rendered":"\r\n<table>\r\n<tbody>\r\n<tr>\r\n<td>Samstag<\/td>\r\n<td>26. April<\/td>\r\n<td>Hergiswil NW<\/td>\r\n<td>Kranzschwingfest, F\u00eate \u00e0 couronnes<\/td>\r\n<td><a href=\"https:\/\/staging.efsv.ch\/index.php\/x-frauen-und-meitlischwingfest-bimbambum-am-xx-monat-xxxx\/\" target=\"_blank\" rel=\"noopener\">Zur Seite<\/a><\/td>\r\n<td>&nbsp;<\/td>\r\n<\/tr>\r\n<tr>\r\n<td>Samstag<\/td>\r\n<td>3. Mai<\/td>\r\n<td>Montmagny VD<\/td>\r\n<td>Kranzschwingfest, F\u00eate \u00e0 couronnes<\/td>\r\n<td><a href=\"https:\/\/efsv.ch\/wp-content\/uploads\/2025\/03\/Einladung-Montmagny.pdf\" target=\"_blank\" rel=\"noopener\">Einladung<\/a><\/td>\r\n<td><a href=\"https:\/\/efsv.ch\/wp-content\/uploads\/2025\/03\/Invitation-Montmagny.pdf\" target=\"_blank\" rel=\"noopener\">Invitation<\/a><\/td>\r\n<\/tr>\r\n<tr>\r\n<td>Samstag<\/td>\r\n<td>10. Ma<\/td>\r\n<td>Collex-Bossy GE<\/td>\r\n<td>Kranzschwingfest, F\u00eate \u00e0 couronnes<\/td>\r\n<td><a href=\"https:\/\/efsv.ch\/wp-content\/uploads\/2025\/03\/Einladung_Frauenschwingfest_Genf_2025.pdf\" target=\"_blank\" rel=\"noopener\">Einladung<\/a><\/td>\r\n<td><a href=\"https:\/\/efsv.ch\/wp-content\/uploads\/2025\/03\/Invitation_CantGE-femmes-2025.pdf\" target=\"_blank\" rel=\"noopener\">Invitation<\/a><\/td>\r\n<\/tr>\r\n<tr>\r\n<td>Sonntag<\/td>\r\n<td>25. Mai<\/td>\r\n<td>Brig VS<\/td>\r\n<td>Kranzschwingfest, F\u00eate \u00e0 couronnes<\/td>\r\n<td><a href=\"https:\/\/efsv.ch\/wp-content\/uploads\/2025\/04\/Einladung-Brig-25.-Mai-2025.pdf\" target=\"_blank\" rel=\"noopener\">Einladung<\/a><\/td>\r\n<td><a href=\"https:\/\/efsv.ch\/wp-content\/uploads\/2025\/04\/Inviation-Brig-25.-Mai-2025.pdf\" target=\"_blank\" rel=\"noopener\">Invitation<\/a><\/td>\r\n<\/tr>\r\n<tr>\r\n<td>Samstag<\/td>\r\n<td>07. Juni<\/td>\r\n<td>Rougemont VD<\/td>\r\n<td>Kranzschwingfest, F\u00eate \u00e0 couronnes<\/td>\r\n<td><a href=\"https:\/\/efsv.ch\/wp-content\/uploads\/2025\/04\/Einladung-Rougemont-7.-Juni-2025-.pdf\" target=\"_blank\" rel=\"noopener\">Einladung<\/a><\/td>\r\n<td><a href=\"https:\/\/efsv.ch\/wp-content\/uploads\/2025\/04\/Invitation-Rougemont-7-Juni-2025.pdf\" target=\"_blank\" rel=\"noopener\">Invitation<\/a><\/td>\r\n<\/tr>\r\n<tr>\r\n<td>Samstag<\/td>\r\n<td>14. Juni<\/td>\r\n<td>Lauerz SZ<\/td>\r\n<td>Kranzschwingfest, F\u00eate \u00e0 couronnes<\/td>\r\n<td><a href=\"https:\/\/efsv.ch\/wp-content\/uploads\/2025\/04\/Einladung-Lauerz-14.-Juni-2025.pdf\" target=\"_blank\" rel=\"noopener\">Einladung<\/a><\/td>\r\n<td><a href=\"https:\/\/efsv.ch\/wp-content\/uploads\/2025\/04\/Invitation-Lauerz-14.-Juni.2025.pdf\" target=\"_blank\" rel=\"noopener\">Invitation<\/a><\/td>\r\n<\/tr>\r\n<tr>\r\n<td>Samstag<\/td>\r\n<td>28. Juni<\/td>\r\n<td>Farnern BE<\/td>\r\n<td>Kranzschwingfest, F\u00eate \u00e0 couronnes<\/td>\r\n<td><a href=\"https:\/\/efsv.ch\/wp-content\/uploads\/2025\/04\/Einladung-Farnern-28.-Juni-2025-.pdf\" target=\"_blank\" rel=\"noopener\">Einladung<\/a><\/td>\r\n<td><a href=\"https:\/\/efsv.ch\/wp-content\/uploads\/2025\/04\/Invitation-Farnern-28.-Juni-2025-.pdf\" target=\"_blank\" rel=\"noopener\">Invitation<\/a><\/td>\r\n<\/tr>\r\n<tr>\r\n<td>Sonntag<\/td>\r\n<td>6. Juli<\/td>\r\n<td>Gilly VD<\/td>\r\n<td>Kranzschwingfest, F\u00eate \u00e0 couronnes<\/td>\r\n<td>&nbsp;<\/td>\r\n<td>&nbsp;<\/td>\r\n<\/tr>\r\n<tr>\r\n<td>Samstag<\/td>\r\n<td>19. Juli<\/td>\r\n<td>Bellinzona TI<\/td>\r\n<td>Kranzschwingfest, F\u00eate \u00e0 couronnes<\/td>\r\n<td>&nbsp;<\/td>\r\n<td>&nbsp;<\/td>\r\n<\/tr>\r\n<tr>\r\n<td>Samstag<\/td>\r\n<td>2. August<\/td>\r\n<td>Zofingen AG<\/td>\r\n<td>Kranzschwingfest, F\u00eate \u00e0 couronnes<\/td>\r\n<td>&nbsp;<\/td>\r\n<td>&nbsp;<\/td>\r\n<\/tr>\r\n<tr>\r\n<td>Samstag<\/td>\r\n<td>9. August<\/td>\r\n<td>Boveresse NE<\/td>\r\n<td>Kranzschwingfest, F\u00eate \u00e0 couronnes<\/td>\r\n<td>&nbsp;<\/td>\r\n<td>&nbsp;<\/td>\r\n<\/tr>\r\n<tr>\r\n<td>\r\n<p><b>Sonntag<\/b><\/p>\r\n<p>&nbsp;<\/p>\r\n<\/td>\r\n<td>\r\n<p><b>24. August<\/b><\/p>\r\n<p>&nbsp;<\/p>\r\n<\/td>\r\n<td>\r\n<p><strong>Huttwil BE<\/strong><\/p>\r\n<p>&nbsp;<\/p>\r\n<\/td>\r\n<td>\r\n<p><strong>Eidg. Frauen- und Meitlischwingfest <\/strong><\/p>\r\n<p><strong>F\u00eate f\u00e9d\u00e9rale de lutte suisse f\u00e9minine<\/strong><\/p>\r\n<\/td>\r\n<td>&nbsp; &nbsp;<\/td>\r\n<td>&nbsp; &nbsp;<\/td>\r\n<\/tr>\r\n<\/tbody>\r\n<\/table>\r\n<div>\r\n<div>&nbsp;<\/div>\r\n<\/div>\r\n<p><a href=\"https:\/\/efsv.ch\/wp-content\/uploads\/2025\/02\/Jahresprogramm-2025-28.2.2025.pdf\" target=\"_blank\" rel=\"noopener\">Jahresprogramm 2025\/Programme annuel 2025 PDF<\/a><\/p>\r\n","protected":false},"excerpt":{"rendered":"<p>Samstag 26. April Hergiswil NW Kranzschwingfest, F\u00eate \u00e0 couronnes Zur Seite &nbsp; Samstag 3. Mai Montmagny VD Kranzschwingfest, F\u00eate \u00e0 couronnes Einladung Invitation Samstag 10. Ma Collex-Bossy GE Kranzschwingfest, F\u00eate \u00e0 couronnes Einladung Invitation Sonntag 25. Mai Brig VS Kranzschwingfest, &hellip; <a href=\"https:\/\/staging.efsv.ch\/index.php\/schwingfeste-2025\/\">Weiter<\/a><\/p>\n","protected":false},"author":1,"featured_media":0,"parent":0,"menu_order":0,"comment_status":"closed","ping_status":"closed","template":"","meta":{"kt_blocks_editor_width":"","ngg_post_thumbnail":0,"footnotes":""},"_links":{"self":[{"href":"https:\/\/staging.efsv.ch\/index.php\/wp-json\/wp\/v2\/pages\/1386"}],"collection":[{"href":"https:\/\/staging.efsv.ch\/index.php\/wp-json\/wp\/v2\/pages"}],"about":[{"href":"https:\/\/staging.efsv.ch\/index.php\/wp-json\/wp\/v2\/types\/page"}],"author":[{"embeddable":true,"href":"https:\/\/staging.efsv.ch\/index.php\/wp-json\/wp\/v2\/users\/1"}],"replies":[{"embeddable":true,"href":"https:\/\/staging.efsv.ch\/index.php\/wp-json\/wp\/v2\/comments?post=1386"}],"version-history":[{"count":6,"href":"https:\/\/staging.efsv.ch\/index.php\/wp-json\/wp\/v2\/pages\/1386\/revisions"}],"predecessor-version":[{"id":1426,"href":"https:\/\/staging.efsv.ch\/index.php\/wp-json\/wp\/v2\/pages\/1386\/revisions\/1426"}],"wp:attachment":[{"href":"https:\/\/staging.efsv.ch\/index.php\/wp-json\/wp\/v2\/media?parent=1386"}],"curies":[{"name":"wp","href":"https:\/\/api.w.org\/{rel}","templated":true}]}}